{"id":264,"date":"2021-01-12T04:35:37","date_gmt":"2021-01-12T03:35:37","guid":{"rendered":"https:\/\/pfandfinder-stalbert.de\/?page_id=264"},"modified":"2021-01-12T04:42:19","modified_gmt":"2021-01-12T03:42:19","slug":"verleih","status":"publish","type":"page","link":"https:\/\/pfandfinder-stalbert.de\/index.php\/verleih\/","title":{"rendered":"Zelt- und Materialverleih"},"content":{"rendered":"\t\t<div data-elementor-type=\"wp-page\" data-elementor-id=\"264\" class=\"elementor elementor-264\">\n\t\t\t\t\t\t<section class=\"elementor-section elementor-top-section elementor-element elementor-element-363aae9 elementor-section-boxed elementor-section-height-default elementor-section-height-default\" data-id=\"363aae9\" data-element_type=\"section\" data-e-type=\"section\">\n\t\t\t\t\t\t<div class=\"elementor-container elementor-column-gap-default\">\n\t\t\t\t\t<div class=\"elementor-column elementor-col-100 elementor-top-column elementor-element elementor-element-1db83fe\" data-id=\"1db83fe\" data-element_type=\"column\" data-e-type=\"column\">\n\t\t\t<div class=\"elementor-widget-wrap elementor-element-populated\">\n\t\t\t\t\t\t<div class=\"elementor-element elementor-element-87b6f15 elementor-widget elementor-widget-text-editor\" data-id=\"87b6f15\" data-element_type=\"widget\" data-e-type=\"widget\" data-widget_type=\"text-editor.default\">\n\t\t\t\t<div class=\"elementor-widget-container\">\n\t\t\t\t\t\t\t\t\t<p>Was w\u00e4ren Pfadfinder ohne Zelte?!<\/p><p>Der DPSG Stamm St. Albert verleiht Zelte und erlebnisp\u00e4dagogisches Material an Einrichtungen \/ Projekte, die der Jugendarbeit nahe stehen, aber auch an private und gewerbliche Entleiher. Dies ist eine Dienstleistung, die nicht gewerblich betrieben wird, sondern rein die Jugendarbeit in unserem Stamm unterst\u00fctzt. F\u00fcr weitere Anfragen und Reservierung k\u00f6nnen Sie sich an\u00a0<a href=\"mailto:materialwart@pfadfinder-stalbert.de\">materialwart[at]pfadfinder-stalbert.de<\/a>\u00a0wenden.<\/p><p>Im Bereich der Erlebnisp\u00e4dagogik stellen wir folgendes Material zum Verleih:<\/p><p>\u00a0<\/p><h2>Klettermaterial<\/h2><ul><li>Bandschlingen<\/li><li>Jakobsleiter<\/li><li>Karabiner &amp; Seilrollen<\/li><li>Klettergurte f\u00fcr kleine Kinder<\/li><li>Klettergurte in 3 Gr\u00f6\u00dfen f\u00fcr Kinder und Erwachsene<\/li><li>Kletterhelme<\/li><li>Material zum Einwerfen von B\u00e4umen (Wurfsack und Leine in Tasche)<\/li><li>Monkeys (Klettergriffe, die man ohne Besch\u00e4digungen an einem Baum befestigen kann)<\/li><li>Seilmaterial (Statik- &amp; Dynamikseile)<\/li><li>Slacklines \/ Zurrgurte<\/li><\/ul><p>\u00a0<\/p><h2>Abenteuer im Wasser<\/h2><ul><li>Paddel<\/li><li>Schwimmwesten<\/li><\/ul><p>\u00a0<\/p><h2>Zirkusmaterial (f\u00fcr ca. 40 &#8211; 50 Personen)<\/h2><ul><li>Devil Sticks<\/li><li>Diabolos<\/li><li>Jonglierb\u00e4lle<\/li><li>Jonglierkeulen<\/li><li>Jongliert\u00fccher<\/li><li>Pedalos<\/li><li>Pois<\/li><li>Teller drehen<\/li><li>Zirkuszelt<\/li><\/ul><p>\u00a0<\/p><h2>Kooperations\u00fcbungen<\/h2><ul><li>Das Band XXL (Metalog)<\/li><li>Das \u201elaufende A\u201c<\/li><\/ul>\t\t\t\t\t\t\t\t<\/div>\n\t\t\t\t<\/div>\n\t\t\t\t\t<\/div>\n\t\t<\/div>\n\t\t\t\t\t<\/div>\n\t\t<\/section>\n\t\t\t\t<\/div>\n\t\t","protected":false},"excerpt":{"rendered":"<p class=\"excerpt\">Was w\u00e4ren Pfadfinder ohne Zelte?! Der DPSG Stamm St. Albert verleiht Zelte und erlebnisp\u00e4dagogisches Material an Einrichtungen \/ Projekte, die der Jugendarbeit nahe stehen, aber auch an private und gewerbliche Entleiher. Dies ist eine Dienstleistung, die nicht gewerblich betrieben wird, sondern rein die Jugendarbeit in unserem Stamm unterst\u00fctzt. F\u00fcr weitere Anfragen und Reservierung k\u00f6nnen Sie [&hellip;]<\/p>\n","protected":false},"author":1,"featured_media":0,"parent":0,"menu_order":0,"comment_status":"closed","ping_status":"closed","template":"","meta":{"footnotes":""},"class_list":["post-264","page","type-page","status-publish","hentry"],"yoast_head":"<!-- This site is optimized with the Yoast SEO plugin v27.1.1 - https:\/\/yoast.com\/product\/yoast-seo-wordpress\/ -->\n<title>Zelt- und Materialverleih - DPSG Stamm St. Albert<\/title>\n<meta name=\"robots\" content=\"index, follow, max-snippet:-1, max-image-preview:large, max-video-preview:-1\" \/>\n<link rel=\"canonical\" href=\"https:\/\/pfandfinder-stalbert.de\/index.php\/verleih\/\" \/>\n<meta property=\"og:locale\" content=\"de_DE\" \/>\n<meta property=\"og:type\" content=\"article\" \/>\n<meta property=\"og:title\" content=\"Zelt- und Materialverleih - DPSG Stamm St. Albert\" \/>\n<meta property=\"og:description\" content=\"Was w\u00e4ren Pfadfinder ohne Zelte?! Der DPSG Stamm St. Albert verleiht Zelte und erlebnisp\u00e4dagogisches Material an Einrichtungen \/ Projekte, die der Jugendarbeit nahe stehen, aber auch an private und gewerbliche Entleiher. Dies ist eine Dienstleistung, die nicht gewerblich betrieben wird, sondern rein die Jugendarbeit in unserem Stamm unterst\u00fctzt. F\u00fcr weitere Anfragen und Reservierung k\u00f6nnen Sie [&hellip;]\" \/>\n<meta property=\"og:url\" content=\"https:\/\/pfandfinder-stalbert.de\/index.php\/verleih\/\" \/>\n<meta property=\"og:site_name\" content=\"DPSG Stamm St. Albert\" \/>\n<meta property=\"article:publisher\" content=\"http:\/\/facebook.com\/pfadfinderstalbert\" \/>\n<meta property=\"article:modified_time\" content=\"2021-01-12T03:42:19+00:00\" \/>\n<meta name=\"twitter:card\" content=\"summary_large_image\" \/>\n<meta name=\"twitter:label1\" content=\"Gesch\u00e4tzte Lesezeit\" \/>\n\t<meta name=\"twitter:data1\" content=\"1\u00a0Minute\" \/>\n<script type=\"application\/ld+json\" class=\"yoast-schema-graph\">{\"@context\":\"https:\/\/schema.org\",\"@graph\":[{\"@type\":\"WebPage\",\"@id\":\"https:\/\/pfandfinder-stalbert.de\/index.php\/verleih\/\",\"url\":\"https:\/\/pfandfinder-stalbert.de\/index.php\/verleih\/\",\"name\":\"Zelt- und Materialverleih - DPSG Stamm St. Albert\",\"isPartOf\":{\"@id\":\"https:\/\/pfandfinder-stalbert.de\/#website\"},\"datePublished\":\"2021-01-12T03:35:37+00:00\",\"dateModified\":\"2021-01-12T03:42:19+00:00\",\"breadcrumb\":{\"@id\":\"https:\/\/pfandfinder-stalbert.de\/index.php\/verleih\/#breadcrumb\"},\"inLanguage\":\"de\",\"potentialAction\":[{\"@type\":\"ReadAction\",\"target\":[\"https:\/\/pfandfinder-stalbert.de\/index.php\/verleih\/\"]}]},{\"@type\":\"BreadcrumbList\",\"@id\":\"https:\/\/pfandfinder-stalbert.de\/index.php\/verleih\/#breadcrumb\",\"itemListElement\":[{\"@type\":\"ListItem\",\"position\":1,\"name\":\"Startseite\",\"item\":\"https:\/\/pfandfinder-stalbert.de\/\"},{\"@type\":\"ListItem\",\"position\":2,\"name\":\"Zelt- und Materialverleih\"}]},{\"@type\":\"WebSite\",\"@id\":\"https:\/\/pfandfinder-stalbert.de\/#website\",\"url\":\"https:\/\/pfandfinder-stalbert.de\/\",\"name\":\"DPSG Stamm St. Albert\",\"description\":\"Pfadfinden am Seepark!\",\"publisher\":{\"@id\":\"https:\/\/pfandfinder-stalbert.de\/#organization\"},\"potentialAction\":[{\"@type\":\"SearchAction\",\"target\":{\"@type\":\"EntryPoint\",\"urlTemplate\":\"https:\/\/pfandfinder-stalbert.de\/?s={search_term_string}\"},\"query-input\":{\"@type\":\"PropertyValueSpecification\",\"valueRequired\":true,\"valueName\":\"search_term_string\"}}],\"inLanguage\":\"de\"},{\"@type\":\"Organization\",\"@id\":\"https:\/\/pfandfinder-stalbert.de\/#organization\",\"name\":\"DPSG Stamm St. Albert\",\"url\":\"https:\/\/pfandfinder-stalbert.de\/\",\"logo\":{\"@type\":\"ImageObject\",\"inLanguage\":\"de\",\"@id\":\"https:\/\/pfandfinder-stalbert.de\/#\/schema\/logo\/image\/\",\"url\":\"https:\/\/pfandfinder-stalbert.de\/wp-content\/uploads\/2021\/01\/lily_blue.png\",\"contentUrl\":\"https:\/\/pfandfinder-stalbert.de\/wp-content\/uploads\/2021\/01\/lily_blue.png\",\"width\":512,\"height\":512,\"caption\":\"DPSG Stamm St. Albert\"},\"image\":{\"@id\":\"https:\/\/pfandfinder-stalbert.de\/#\/schema\/logo\/image\/\"},\"sameAs\":[\"http:\/\/facebook.com\/pfadfinderstalbert\"]}]}<\/script>\n<!-- \/ Yoast SEO plugin. -->","yoast_head_json":{"title":"Zelt- und Materialverleih - DPSG Stamm St. Albert","robots":{"index":"index","follow":"follow","max-snippet":"max-snippet:-1","max-image-preview":"max-image-preview:large","max-video-preview":"max-video-preview:-1"},"canonical":"https:\/\/pfandfinder-stalbert.de\/index.php\/verleih\/","og_locale":"de_DE","og_type":"article","og_title":"Zelt- und Materialverleih - DPSG Stamm St. Albert","og_description":"Was w\u00e4ren Pfadfinder ohne Zelte?! Der DPSG Stamm St. Albert verleiht Zelte und erlebnisp\u00e4dagogisches Material an Einrichtungen \/ Projekte, die der Jugendarbeit nahe stehen, aber auch an private und gewerbliche Entleiher. Dies ist eine Dienstleistung, die nicht gewerblich betrieben wird, sondern rein die Jugendarbeit in unserem Stamm unterst\u00fctzt. F\u00fcr weitere Anfragen und Reservierung k\u00f6nnen Sie [&hellip;]","og_url":"https:\/\/pfandfinder-stalbert.de\/index.php\/verleih\/","og_site_name":"DPSG Stamm St. Albert","article_publisher":"http:\/\/facebook.com\/pfadfinderstalbert","article_modified_time":"2021-01-12T03:42:19+00:00","twitter_card":"summary_large_image","twitter_misc":{"Gesch\u00e4tzte Lesezeit":"1\u00a0Minute"},"schema":{"@context":"https:\/\/schema.org","@graph":[{"@type":"WebPage","@id":"https:\/\/pfandfinder-stalbert.de\/index.php\/verleih\/","url":"https:\/\/pfandfinder-stalbert.de\/index.php\/verleih\/","name":"Zelt- und Materialverleih - DPSG Stamm St. Albert","isPartOf":{"@id":"https:\/\/pfandfinder-stalbert.de\/#website"},"datePublished":"2021-01-12T03:35:37+00:00","dateModified":"2021-01-12T03:42:19+00:00","breadcrumb":{"@id":"https:\/\/pfandfinder-stalbert.de\/index.php\/verleih\/#breadcrumb"},"inLanguage":"de","potentialAction":[{"@type":"ReadAction","target":["https:\/\/pfandfinder-stalbert.de\/index.php\/verleih\/"]}]},{"@type":"BreadcrumbList","@id":"https:\/\/pfandfinder-stalbert.de\/index.php\/verleih\/#breadcrumb","itemListElement":[{"@type":"ListItem","position":1,"name":"Startseite","item":"https:\/\/pfandfinder-stalbert.de\/"},{"@type":"ListItem","position":2,"name":"Zelt- und Materialverleih"}]},{"@type":"WebSite","@id":"https:\/\/pfandfinder-stalbert.de\/#website","url":"https:\/\/pfandfinder-stalbert.de\/","name":"DPSG Stamm St. Albert","description":"Pfadfinden am Seepark!","publisher":{"@id":"https:\/\/pfandfinder-stalbert.de\/#organization"},"potentialAction":[{"@type":"SearchAction","target":{"@type":"EntryPoint","urlTemplate":"https:\/\/pfandfinder-stalbert.de\/?s={search_term_string}"},"query-input":{"@type":"PropertyValueSpecification","valueRequired":true,"valueName":"search_term_string"}}],"inLanguage":"de"},{"@type":"Organization","@id":"https:\/\/pfandfinder-stalbert.de\/#organization","name":"DPSG Stamm St. Albert","url":"https:\/\/pfandfinder-stalbert.de\/","logo":{"@type":"ImageObject","inLanguage":"de","@id":"https:\/\/pfandfinder-stalbert.de\/#\/schema\/logo\/image\/","url":"https:\/\/pfandfinder-stalbert.de\/wp-content\/uploads\/2021\/01\/lily_blue.png","contentUrl":"https:\/\/pfandfinder-stalbert.de\/wp-content\/uploads\/2021\/01\/lily_blue.png","width":512,"height":512,"caption":"DPSG Stamm St. Albert"},"image":{"@id":"https:\/\/pfandfinder-stalbert.de\/#\/schema\/logo\/image\/"},"sameAs":["http:\/\/facebook.com\/pfadfinderstalbert"]}]}},"_links":{"self":[{"href":"https:\/\/pfandfinder-stalbert.de\/index.php\/wp-json\/wp\/v2\/pages\/264","targetHints":{"allow":["GET"]}}],"collection":[{"href":"https:\/\/pfandfinder-stalbert.de\/index.php\/wp-json\/wp\/v2\/pages"}],"about":[{"href":"https:\/\/pfandfinder-stalbert.de\/index.php\/wp-json\/wp\/v2\/types\/page"}],"author":[{"embeddable":true,"href":"https:\/\/pfandfinder-stalbert.de\/index.php\/wp-json\/wp\/v2\/users\/1"}],"replies":[{"embeddable":true,"href":"https:\/\/pfandfinder-stalbert.de\/index.php\/wp-json\/wp\/v2\/comments?post=264"}],"version-history":[{"count":0,"href":"https:\/\/pfandfinder-stalbert.de\/index.php\/wp-json\/wp\/v2\/pages\/264\/revisions"}],"wp:attachment":[{"href":"https:\/\/pfandfinder-stalbert.de\/index.php\/wp-json\/wp\/v2\/media?parent=264"}],"curies":[{"name":"wp","href":"https:\/\/api.w.org\/{rel}","templated":true}]}}