{"id":278,"date":"2021-01-12T05:04:23","date_gmt":"2021-01-12T04:04:23","guid":{"rendered":"https:\/\/pfandfinder-stalbert.de\/?page_id=278"},"modified":"2026-01-13T21:38:42","modified_gmt":"2026-01-13T20:38:42","slug":"woelflinge","status":"publish","type":"page","link":"https:\/\/pfandfinder-stalbert.de\/index.php\/woelflinge\/","title":{"rendered":"W\u00f6lflinge"},"content":{"rendered":"\t\t<div data-elementor-type=\"wp-page\" data-elementor-id=\"278\" class=\"elementor elementor-278\">\n\t\t\t\t\t\t<section class=\"elementor-section elementor-top-section elementor-element elementor-element-c0dae92 elementor-section-boxed elementor-section-height-default elementor-section-height-default\" data-id=\"c0dae92\" data-element_type=\"section\" data-e-type=\"section\">\n\t\t\t\t\t\t<div class=\"elementor-container elementor-column-gap-default\">\n\t\t\t\t\t<div class=\"elementor-column elementor-col-100 elementor-top-column elementor-element elementor-element-2d6d175\" data-id=\"2d6d175\" data-element_type=\"column\" data-e-type=\"column\">\n\t\t\t<div class=\"elementor-widget-wrap elementor-element-populated\">\n\t\t\t\t\t\t<section class=\"elementor-section elementor-inner-section elementor-element elementor-element-4ff8a98 elementor-section-boxed elementor-section-height-default elementor-section-height-default\" data-id=\"4ff8a98\" data-element_type=\"section\" data-e-type=\"section\">\n\t\t\t\t\t\t<div class=\"elementor-container elementor-column-gap-default\">\n\t\t\t\t\t<div class=\"elementor-column elementor-col-50 elementor-inner-column elementor-element elementor-element-a97329e\" data-id=\"a97329e\" data-element_type=\"column\" data-e-type=\"column\">\n\t\t\t<div class=\"elementor-widget-wrap elementor-element-populated\">\n\t\t\t\t\t\t<div class=\"elementor-element elementor-element-794ba27 elementor-widget elementor-widget-text-editor\" data-id=\"794ba27\" data-element_type=\"widget\" data-e-type=\"widget\" data-widget_type=\"text-editor.default\">\n\t\t\t\t<div class=\"elementor-widget-container\">\n\t\t\t\t\t\t\t\t\t<p>W\u00f6lflinge sind Forscher, Entdecker, Kundschafter und Kritiker. Sie schauen hinter die Dinge, entdecken Unbekanntes und lernen es kennen. W\u00f6lflinge finden zu anderen und zu sich selbst: Sie lernen ihre St\u00e4rken und Schw\u00e4chen kennen und bilden sich eine Meinung. Im Spiel gebrauchen die W\u00f6lflinge ihre Fantasie, finden Freunde und k\u00f6nnen ausprobieren. W\u00f6lflinge werden an Entscheidungen beteiligt. So werden erste Akzente gesetzt, sie zu Menschen zu erziehen, die ihr Leben in die Hand nehmen.<\/p><p>Die W\u00f6lflinge in Betzenhausen treffen sich jeden\u00a0<strong>Montag\u00a0<\/strong>(au\u00dfer in den Ferien) im Gruppenraum in der Sundgauallee 9 (zwischen Kirche\u00a0St. Albert\u00a0und Stadtteiltreff) von\u00a0<strong>17:00 Uhr bis 18:30 Uhr<\/strong>. Ihr d\u00fcrft einfach mal vorbei kommen und schauen, wie es bei uns ist!<\/p><p>Wenn Du \/ Sie Fragen haben, stehen wir gerne zur Verf\u00fcgung: <a href=\"mailto:woelflinge@pfadfinder-stalbert.de\">woelflinge[at]pfadfinder-stalbert.de<\/a><\/p><p>Wir freuen uns dich kennen zu lernen!<\/p><p>Berit, Tim &amp; Jonas<\/p>\t\t\t\t\t\t\t\t<\/div>\n\t\t\t\t<\/div>\n\t\t\t\t\t<\/div>\n\t\t<\/div>\n\t\t\t\t<div class=\"elementor-column elementor-col-50 elementor-inner-column elementor-element elementor-element-016a3dc\" data-id=\"016a3dc\" data-element_type=\"column\" data-e-type=\"column\">\n\t\t\t<div class=\"elementor-widget-wrap elementor-element-populated\">\n\t\t\t\t\t\t<div class=\"elementor-element elementor-element-0ccbd3e elementor-widget elementor-widget-image\" data-id=\"0ccbd3e\" data-element_type=\"widget\" data-e-type=\"widget\" data-widget_type=\"image.default\">\n\t\t\t\t<div class=\"elementor-widget-container\">\n\t\t\t\t\t\t\t\t\t\t\t\t\t\t\t<img fetchpriority=\"high\" decoding=\"async\" width=\"1024\" height=\"954\" src=\"https:\/\/pfandfinder-stalbert.de\/wp-content\/uploads\/2025\/09\/woelfi_kopf_2019_frei_0-1024x954.png\" class=\"attachment-large size-large wp-image-3065\" alt=\"\" srcset=\"https:\/\/pfandfinder-stalbert.de\/wp-content\/uploads\/2025\/09\/woelfi_kopf_2019_frei_0-1024x954.png 1024w, https:\/\/pfandfinder-stalbert.de\/wp-content\/uploads\/2025\/09\/woelfi_kopf_2019_frei_0-300x279.png 300w, https:\/\/pfandfinder-stalbert.de\/wp-content\/uploads\/2025\/09\/woelfi_kopf_2019_frei_0-768x715.png 768w, https:\/\/pfandfinder-stalbert.de\/wp-content\/uploads\/2025\/09\/woelfi_kopf_2019_frei_0-1536x1430.png 1536w, https:\/\/pfandfinder-stalbert.de\/wp-content\/uploads\/2025\/09\/woelfi_kopf_2019_frei_0.png 1976w\" sizes=\"(max-width: 1024px) 100vw, 1024px\" \/>\t\t\t\t\t\t\t\t\t\t\t\t\t\t\t<\/div>\n\t\t\t\t<\/div>\n\t\t\t\t\t<\/div>\n\t\t<\/div>\n\t\t\t\t\t<\/div>\n\t\t<\/section>\n\t\t\t\t\t<\/div>\n\t\t<\/div>\n\t\t\t\t\t<\/div>\n\t\t<\/section>\n\t\t\t\t<\/div>\n\t\t","protected":false},"excerpt":{"rendered":"<p class=\"excerpt\">W\u00f6lflinge sind Forscher, Entdecker, Kundschafter und Kritiker. Sie schauen hinter die Dinge, entdecken Unbekanntes und lernen es kennen. W\u00f6lflinge finden zu anderen und zu sich selbst: Sie lernen ihre St\u00e4rken und Schw\u00e4chen kennen und bilden sich eine Meinung. Im Spiel gebrauchen die W\u00f6lflinge ihre Fantasie, finden Freunde und k\u00f6nnen ausprobieren. W\u00f6lflinge werden an Entscheidungen beteiligt. [&hellip;]<\/p>\n","protected":false},"author":1,"featured_media":0,"parent":0,"menu_order":0,"comment_status":"closed","ping_status":"closed","template":"","meta":{"footnotes":""},"class_list":["post-278","page","type-page","status-publish","hentry"],"yoast_head":"<!-- This site is optimized with the Yoast SEO plugin v27.1.1 - https:\/\/yoast.com\/product\/yoast-seo-wordpress\/ -->\n<title>W\u00f6lflinge - DPSG Stamm St. Albert<\/title>\n<meta name=\"robots\" content=\"index, follow, max-snippet:-1, max-image-preview:large, max-video-preview:-1\" \/>\n<link rel=\"canonical\" href=\"https:\/\/pfandfinder-stalbert.de\/index.php\/woelflinge\/\" \/>\n<meta property=\"og:locale\" content=\"de_DE\" \/>\n<meta property=\"og:type\" content=\"article\" \/>\n<meta property=\"og:title\" content=\"W\u00f6lflinge - DPSG Stamm St. Albert\" \/>\n<meta property=\"og:description\" content=\"W\u00f6lflinge sind Forscher, Entdecker, Kundschafter und Kritiker. Sie schauen hinter die Dinge, entdecken Unbekanntes und lernen es kennen. W\u00f6lflinge finden zu anderen und zu sich selbst: Sie lernen ihre St\u00e4rken und Schw\u00e4chen kennen und bilden sich eine Meinung. Im Spiel gebrauchen die W\u00f6lflinge ihre Fantasie, finden Freunde und k\u00f6nnen ausprobieren. W\u00f6lflinge werden an Entscheidungen beteiligt. [&hellip;]\" \/>\n<meta property=\"og:url\" content=\"https:\/\/pfandfinder-stalbert.de\/index.php\/woelflinge\/\" \/>\n<meta property=\"og:site_name\" content=\"DPSG Stamm St. Albert\" \/>\n<meta property=\"article:publisher\" content=\"http:\/\/facebook.com\/pfadfinderstalbert\" \/>\n<meta property=\"article:modified_time\" content=\"2026-01-13T20:38:42+00:00\" \/>\n<meta property=\"og:image\" content=\"https:\/\/pfandfinder-stalbert.de\/wp-content\/uploads\/2025\/09\/woelfi_kopf_2019_frei_0-1024x954.png\" \/>\n<meta name=\"twitter:card\" content=\"summary_large_image\" \/>\n<meta name=\"twitter:label1\" content=\"Gesch\u00e4tzte Lesezeit\" \/>\n\t<meta name=\"twitter:data1\" content=\"1\u00a0Minute\" \/>\n<script type=\"application\/ld+json\" class=\"yoast-schema-graph\">{\"@context\":\"https:\/\/schema.org\",\"@graph\":[{\"@type\":\"WebPage\",\"@id\":\"https:\/\/pfandfinder-stalbert.de\/index.php\/woelflinge\/\",\"url\":\"https:\/\/pfandfinder-stalbert.de\/index.php\/woelflinge\/\",\"name\":\"W\u00f6lflinge - DPSG Stamm St. Albert\",\"isPartOf\":{\"@id\":\"https:\/\/pfandfinder-stalbert.de\/#website\"},\"primaryImageOfPage\":{\"@id\":\"https:\/\/pfandfinder-stalbert.de\/index.php\/woelflinge\/#primaryimage\"},\"image\":{\"@id\":\"https:\/\/pfandfinder-stalbert.de\/index.php\/woelflinge\/#primaryimage\"},\"thumbnailUrl\":\"https:\/\/pfandfinder-stalbert.de\/wp-content\/uploads\/2025\/09\/woelfi_kopf_2019_frei_0-1024x954.png\",\"datePublished\":\"2021-01-12T04:04:23+00:00\",\"dateModified\":\"2026-01-13T20:38:42+00:00\",\"breadcrumb\":{\"@id\":\"https:\/\/pfandfinder-stalbert.de\/index.php\/woelflinge\/#breadcrumb\"},\"inLanguage\":\"de\",\"potentialAction\":[{\"@type\":\"ReadAction\",\"target\":[\"https:\/\/pfandfinder-stalbert.de\/index.php\/woelflinge\/\"]}]},{\"@type\":\"ImageObject\",\"inLanguage\":\"de\",\"@id\":\"https:\/\/pfandfinder-stalbert.de\/index.php\/woelflinge\/#primaryimage\",\"url\":\"https:\/\/pfandfinder-stalbert.de\/wp-content\/uploads\/2025\/09\/woelfi_kopf_2019_frei_0.png\",\"contentUrl\":\"https:\/\/pfandfinder-stalbert.de\/wp-content\/uploads\/2025\/09\/woelfi_kopf_2019_frei_0.png\",\"width\":1976,\"height\":1840},{\"@type\":\"BreadcrumbList\",\"@id\":\"https:\/\/pfandfinder-stalbert.de\/index.php\/woelflinge\/#breadcrumb\",\"itemListElement\":[{\"@type\":\"ListItem\",\"position\":1,\"name\":\"Startseite\",\"item\":\"https:\/\/pfandfinder-stalbert.de\/\"},{\"@type\":\"ListItem\",\"position\":2,\"name\":\"W\u00f6lflinge\"}]},{\"@type\":\"WebSite\",\"@id\":\"https:\/\/pfandfinder-stalbert.de\/#website\",\"url\":\"https:\/\/pfandfinder-stalbert.de\/\",\"name\":\"DPSG Stamm St. Albert\",\"description\":\"Pfadfinden am Seepark!\",\"publisher\":{\"@id\":\"https:\/\/pfandfinder-stalbert.de\/#organization\"},\"potentialAction\":[{\"@type\":\"SearchAction\",\"target\":{\"@type\":\"EntryPoint\",\"urlTemplate\":\"https:\/\/pfandfinder-stalbert.de\/?s={search_term_string}\"},\"query-input\":{\"@type\":\"PropertyValueSpecification\",\"valueRequired\":true,\"valueName\":\"search_term_string\"}}],\"inLanguage\":\"de\"},{\"@type\":\"Organization\",\"@id\":\"https:\/\/pfandfinder-stalbert.de\/#organization\",\"name\":\"DPSG Stamm St. Albert\",\"url\":\"https:\/\/pfandfinder-stalbert.de\/\",\"logo\":{\"@type\":\"ImageObject\",\"inLanguage\":\"de\",\"@id\":\"https:\/\/pfandfinder-stalbert.de\/#\/schema\/logo\/image\/\",\"url\":\"https:\/\/pfandfinder-stalbert.de\/wp-content\/uploads\/2021\/01\/lily_blue.png\",\"contentUrl\":\"https:\/\/pfandfinder-stalbert.de\/wp-content\/uploads\/2021\/01\/lily_blue.png\",\"width\":512,\"height\":512,\"caption\":\"DPSG Stamm St. Albert\"},\"image\":{\"@id\":\"https:\/\/pfandfinder-stalbert.de\/#\/schema\/logo\/image\/\"},\"sameAs\":[\"http:\/\/facebook.com\/pfadfinderstalbert\"]}]}<\/script>\n<!-- \/ Yoast SEO plugin. -->","yoast_head_json":{"title":"W\u00f6lflinge - DPSG Stamm St. Albert","robots":{"index":"index","follow":"follow","max-snippet":"max-snippet:-1","max-image-preview":"max-image-preview:large","max-video-preview":"max-video-preview:-1"},"canonical":"https:\/\/pfandfinder-stalbert.de\/index.php\/woelflinge\/","og_locale":"de_DE","og_type":"article","og_title":"W\u00f6lflinge - DPSG Stamm St. Albert","og_description":"W\u00f6lflinge sind Forscher, Entdecker, Kundschafter und Kritiker. Sie schauen hinter die Dinge, entdecken Unbekanntes und lernen es kennen. W\u00f6lflinge finden zu anderen und zu sich selbst: Sie lernen ihre St\u00e4rken und Schw\u00e4chen kennen und bilden sich eine Meinung. Im Spiel gebrauchen die W\u00f6lflinge ihre Fantasie, finden Freunde und k\u00f6nnen ausprobieren. W\u00f6lflinge werden an Entscheidungen beteiligt. [&hellip;]","og_url":"https:\/\/pfandfinder-stalbert.de\/index.php\/woelflinge\/","og_site_name":"DPSG Stamm St. Albert","article_publisher":"http:\/\/facebook.com\/pfadfinderstalbert","article_modified_time":"2026-01-13T20:38:42+00:00","og_image":[{"url":"https:\/\/pfandfinder-stalbert.de\/wp-content\/uploads\/2025\/09\/woelfi_kopf_2019_frei_0-1024x954.png","type":"","width":"","height":""}],"twitter_card":"summary_large_image","twitter_misc":{"Gesch\u00e4tzte Lesezeit":"1\u00a0Minute"},"schema":{"@context":"https:\/\/schema.org","@graph":[{"@type":"WebPage","@id":"https:\/\/pfandfinder-stalbert.de\/index.php\/woelflinge\/","url":"https:\/\/pfandfinder-stalbert.de\/index.php\/woelflinge\/","name":"W\u00f6lflinge - DPSG Stamm St. Albert","isPartOf":{"@id":"https:\/\/pfandfinder-stalbert.de\/#website"},"primaryImageOfPage":{"@id":"https:\/\/pfandfinder-stalbert.de\/index.php\/woelflinge\/#primaryimage"},"image":{"@id":"https:\/\/pfandfinder-stalbert.de\/index.php\/woelflinge\/#primaryimage"},"thumbnailUrl":"https:\/\/pfandfinder-stalbert.de\/wp-content\/uploads\/2025\/09\/woelfi_kopf_2019_frei_0-1024x954.png","datePublished":"2021-01-12T04:04:23+00:00","dateModified":"2026-01-13T20:38:42+00:00","breadcrumb":{"@id":"https:\/\/pfandfinder-stalbert.de\/index.php\/woelflinge\/#breadcrumb"},"inLanguage":"de","potentialAction":[{"@type":"ReadAction","target":["https:\/\/pfandfinder-stalbert.de\/index.php\/woelflinge\/"]}]},{"@type":"ImageObject","inLanguage":"de","@id":"https:\/\/pfandfinder-stalbert.de\/index.php\/woelflinge\/#primaryimage","url":"https:\/\/pfandfinder-stalbert.de\/wp-content\/uploads\/2025\/09\/woelfi_kopf_2019_frei_0.png","contentUrl":"https:\/\/pfandfinder-stalbert.de\/wp-content\/uploads\/2025\/09\/woelfi_kopf_2019_frei_0.png","width":1976,"height":1840},{"@type":"BreadcrumbList","@id":"https:\/\/pfandfinder-stalbert.de\/index.php\/woelflinge\/#breadcrumb","itemListElement":[{"@type":"ListItem","position":1,"name":"Startseite","item":"https:\/\/pfandfinder-stalbert.de\/"},{"@type":"ListItem","position":2,"name":"W\u00f6lflinge"}]},{"@type":"WebSite","@id":"https:\/\/pfandfinder-stalbert.de\/#website","url":"https:\/\/pfandfinder-stalbert.de\/","name":"DPSG Stamm St. Albert","description":"Pfadfinden am Seepark!","publisher":{"@id":"https:\/\/pfandfinder-stalbert.de\/#organization"},"potentialAction":[{"@type":"SearchAction","target":{"@type":"EntryPoint","urlTemplate":"https:\/\/pfandfinder-stalbert.de\/?s={search_term_string}"},"query-input":{"@type":"PropertyValueSpecification","valueRequired":true,"valueName":"search_term_string"}}],"inLanguage":"de"},{"@type":"Organization","@id":"https:\/\/pfandfinder-stalbert.de\/#organization","name":"DPSG Stamm St. Albert","url":"https:\/\/pfandfinder-stalbert.de\/","logo":{"@type":"ImageObject","inLanguage":"de","@id":"https:\/\/pfandfinder-stalbert.de\/#\/schema\/logo\/image\/","url":"https:\/\/pfandfinder-stalbert.de\/wp-content\/uploads\/2021\/01\/lily_blue.png","contentUrl":"https:\/\/pfandfinder-stalbert.de\/wp-content\/uploads\/2021\/01\/lily_blue.png","width":512,"height":512,"caption":"DPSG Stamm St. Albert"},"image":{"@id":"https:\/\/pfandfinder-stalbert.de\/#\/schema\/logo\/image\/"},"sameAs":["http:\/\/facebook.com\/pfadfinderstalbert"]}]}},"_links":{"self":[{"href":"https:\/\/pfandfinder-stalbert.de\/index.php\/wp-json\/wp\/v2\/pages\/278","targetHints":{"allow":["GET"]}}],"collection":[{"href":"https:\/\/pfandfinder-stalbert.de\/index.php\/wp-json\/wp\/v2\/pages"}],"about":[{"href":"https:\/\/pfandfinder-stalbert.de\/index.php\/wp-json\/wp\/v2\/types\/page"}],"author":[{"embeddable":true,"href":"https:\/\/pfandfinder-stalbert.de\/index.php\/wp-json\/wp\/v2\/users\/1"}],"replies":[{"embeddable":true,"href":"https:\/\/pfandfinder-stalbert.de\/index.php\/wp-json\/wp\/v2\/comments?post=278"}],"version-history":[{"count":0,"href":"https:\/\/pfandfinder-stalbert.de\/index.php\/wp-json\/wp\/v2\/pages\/278\/revisions"}],"wp:attachment":[{"href":"https:\/\/pfandfinder-stalbert.de\/index.php\/wp-json\/wp\/v2\/media?parent=278"}],"curies":[{"name":"wp","href":"https:\/\/api.w.org\/{rel}","templated":true}]}}