{"id":283,"date":"2021-01-12T05:11:39","date_gmt":"2021-01-12T04:11:39","guid":{"rendered":"https:\/\/pfandfinder-stalbert.de\/?page_id=283"},"modified":"2025-11-08T13:37:27","modified_gmt":"2025-11-08T12:37:27","slug":"jungpfadfinder","status":"publish","type":"page","link":"https:\/\/pfandfinder-stalbert.de\/index.php\/jungpfadfinder\/","title":{"rendered":"Jungpfadfinder"},"content":{"rendered":"\t\t<div data-elementor-type=\"wp-page\" data-elementor-id=\"283\" class=\"elementor elementor-283\">\n\t\t\t\t\t\t<section class=\"elementor-section elementor-top-section elementor-element elementor-element-34046ae elementor-section-boxed elementor-section-height-default elementor-section-height-default\" data-id=\"34046ae\" data-element_type=\"section\" data-e-type=\"section\">\n\t\t\t\t\t\t<div class=\"elementor-container elementor-column-gap-default\">\n\t\t\t\t\t<div class=\"elementor-column elementor-col-100 elementor-top-column elementor-element elementor-element-a3cabaf\" data-id=\"a3cabaf\" data-element_type=\"column\" data-e-type=\"column\">\n\t\t\t<div class=\"elementor-widget-wrap elementor-element-populated\">\n\t\t\t\t\t\t<section class=\"elementor-section elementor-inner-section elementor-element elementor-element-e4044d2 elementor-section-boxed elementor-section-height-default elementor-section-height-default\" data-id=\"e4044d2\" data-element_type=\"section\" data-e-type=\"section\">\n\t\t\t\t\t\t<div class=\"elementor-container elementor-column-gap-default\">\n\t\t\t\t\t<div class=\"elementor-column elementor-col-50 elementor-inner-column elementor-element elementor-element-56a2e3d\" data-id=\"56a2e3d\" data-element_type=\"column\" data-e-type=\"column\">\n\t\t\t<div class=\"elementor-widget-wrap elementor-element-populated\">\n\t\t\t\t\t\t<div class=\"elementor-element elementor-element-41209e3 elementor-widget elementor-widget-text-editor\" data-id=\"41209e3\" data-element_type=\"widget\" data-e-type=\"widget\" data-widget_type=\"text-editor.default\">\n\t\t\t\t<div class=\"elementor-widget-container\">\n\t\t\t\t\t\t\t\t\t<p>Bei uns in der Jungpfadfinderstufe (Juffis) ist immer was los! Wir erleben mit unserem Maskottchen dem Kobold Abenteuer! Dabei erleben wir&nbsp;St\u00fcck f\u00fcr St\u00fcck&nbsp;die Welt, finden neue Freunde und lernen uns selbst kennen! Das Programm der Gruppenstunden wird von den Jungpfadfinder*innen mitbestimmt. Von gemeinsamen Bau- und Bastelprojekten \u00fcber Film drehen bis hin zu Hajks mit \u00dcbernachtung im Wald oder chilligen Filmabenden mit Cola und Chips ist alles dabei. Auf ins Abenteuer!<\/p>\n<p>Die Jungpfadfinder treffen sich jeden&nbsp;<strong>Mittwoch&nbsp;<\/strong>(au\u00dfer in den Ferien) im Gruppenraum in der Sundgauallee 9 (zwischen Kirche und Stadtteiltreff) von&nbsp;<strong>17:30 Uhr bis 19:00 Uhr<\/strong>. Komm doch einfach mal vorbei und schau dir an was wir so machen! Freunde mitbringen ist selbstverst\u00e4ndlich gerne gesehen!<\/p>\n<p>Noch Fragen? Schick uns eine Mail an&nbsp;<a href=\"mailto:jungpfadfinder@pfadfinder-stalbert.de\">jungpfadfinder[at]pfadfinder-stalbert.de<\/a>!<\/p>\n<p>Wir freuen uns dich kennen zu lernen!<br>Henrike, Niklas, Elija<\/p>\t\t\t\t\t\t\t\t<\/div>\n\t\t\t\t<\/div>\n\t\t\t\t\t<\/div>\n\t\t<\/div>\n\t\t\t\t<div class=\"elementor-column elementor-col-50 elementor-inner-column elementor-element elementor-element-357189b\" data-id=\"357189b\" data-element_type=\"column\" data-e-type=\"column\">\n\t\t\t<div class=\"elementor-widget-wrap elementor-element-populated\">\n\t\t\t\t\t\t<div class=\"elementor-element elementor-element-fecd3d9 elementor-widget elementor-widget-image\" data-id=\"fecd3d9\" data-element_type=\"widget\" data-e-type=\"widget\" data-widget_type=\"image.default\">\n\t\t\t\t<div class=\"elementor-widget-container\">\n\t\t\t\t\t\t\t\t\t\t\t\t\t\t\t<img fetchpriority=\"high\" decoding=\"async\" width=\"1024\" height=\"873\" src=\"https:\/\/pfandfinder-stalbert.de\/wp-content\/uploads\/2025\/09\/jungpfadfinder_kobold_logo_2018_td-1024x873.png\" class=\"attachment-large size-large wp-image-3064\" alt=\"\" srcset=\"https:\/\/pfandfinder-stalbert.de\/wp-content\/uploads\/2025\/09\/jungpfadfinder_kobold_logo_2018_td-1024x873.png 1024w, https:\/\/pfandfinder-stalbert.de\/wp-content\/uploads\/2025\/09\/jungpfadfinder_kobold_logo_2018_td-300x256.png 300w, https:\/\/pfandfinder-stalbert.de\/wp-content\/uploads\/2025\/09\/jungpfadfinder_kobold_logo_2018_td-768x655.png 768w, https:\/\/pfandfinder-stalbert.de\/wp-content\/uploads\/2025\/09\/jungpfadfinder_kobold_logo_2018_td-1536x1310.png 1536w, https:\/\/pfandfinder-stalbert.de\/wp-content\/uploads\/2025\/09\/jungpfadfinder_kobold_logo_2018_td.png 1924w\" sizes=\"(max-width: 1024px) 100vw, 1024px\" \/>\t\t\t\t\t\t\t\t\t\t\t\t\t\t\t<\/div>\n\t\t\t\t<\/div>\n\t\t\t\t\t<\/div>\n\t\t<\/div>\n\t\t\t\t\t<\/div>\n\t\t<\/section>\n\t\t\t\t\t<\/div>\n\t\t<\/div>\n\t\t\t\t\t<\/div>\n\t\t<\/section>\n\t\t\t\t<\/div>\n\t\t","protected":false},"excerpt":{"rendered":"<p class=\"excerpt\">Bei uns in der Jungpfadfinderstufe (Juffis) ist immer was los! Wir erleben mit unserem Maskottchen dem Kobold Abenteuer! Dabei erleben wir&nbsp;St\u00fcck f\u00fcr St\u00fcck&nbsp;die Welt, finden neue Freunde und lernen uns selbst kennen! Das Programm der Gruppenstunden wird von den Jungpfadfinder*innen mitbestimmt. Von gemeinsamen Bau- und Bastelprojekten \u00fcber Film drehen bis hin zu Hajks mit \u00dcbernachtung [&hellip;]<\/p>\n","protected":false},"author":1,"featured_media":0,"parent":0,"menu_order":0,"comment_status":"closed","ping_status":"closed","template":"","meta":{"footnotes":""},"class_list":["post-283","page","type-page","status-publish","hentry"],"yoast_head":"<!-- This site is optimized with the Yoast SEO plugin v27.1.1 - https:\/\/yoast.com\/product\/yoast-seo-wordpress\/ -->\n<title>Jungpfadfinder - DPSG Stamm St. Albert<\/title>\n<meta name=\"robots\" content=\"index, follow, max-snippet:-1, max-image-preview:large, max-video-preview:-1\" \/>\n<link rel=\"canonical\" href=\"https:\/\/pfandfinder-stalbert.de\/index.php\/jungpfadfinder\/\" \/>\n<meta property=\"og:locale\" content=\"de_DE\" \/>\n<meta property=\"og:type\" content=\"article\" \/>\n<meta property=\"og:title\" content=\"Jungpfadfinder - DPSG Stamm St. Albert\" \/>\n<meta property=\"og:description\" content=\"Bei uns in der Jungpfadfinderstufe (Juffis) ist immer was los! Wir erleben mit unserem Maskottchen dem Kobold Abenteuer! Dabei erleben wir&nbsp;St\u00fcck f\u00fcr St\u00fcck&nbsp;die Welt, finden neue Freunde und lernen uns selbst kennen! Das Programm der Gruppenstunden wird von den Jungpfadfinder*innen mitbestimmt. Von gemeinsamen Bau- und Bastelprojekten \u00fcber Film drehen bis hin zu Hajks mit \u00dcbernachtung [&hellip;]\" \/>\n<meta property=\"og:url\" content=\"https:\/\/pfandfinder-stalbert.de\/index.php\/jungpfadfinder\/\" \/>\n<meta property=\"og:site_name\" content=\"DPSG Stamm St. Albert\" \/>\n<meta property=\"article:publisher\" content=\"http:\/\/facebook.com\/pfadfinderstalbert\" \/>\n<meta property=\"article:modified_time\" content=\"2025-11-08T12:37:27+00:00\" \/>\n<meta property=\"og:image\" content=\"https:\/\/pfandfinder-stalbert.de\/wp-content\/uploads\/2025\/09\/jungpfadfinder_kobold_logo_2018_td-1024x873.png\" \/>\n<meta name=\"twitter:card\" content=\"summary_large_image\" \/>\n<meta name=\"twitter:label1\" content=\"Gesch\u00e4tzte Lesezeit\" \/>\n\t<meta name=\"twitter:data1\" content=\"1\u00a0Minute\" \/>\n<script type=\"application\/ld+json\" class=\"yoast-schema-graph\">{\"@context\":\"https:\/\/schema.org\",\"@graph\":[{\"@type\":\"WebPage\",\"@id\":\"https:\/\/pfandfinder-stalbert.de\/index.php\/jungpfadfinder\/\",\"url\":\"https:\/\/pfandfinder-stalbert.de\/index.php\/jungpfadfinder\/\",\"name\":\"Jungpfadfinder - DPSG Stamm St. Albert\",\"isPartOf\":{\"@id\":\"https:\/\/pfandfinder-stalbert.de\/#website\"},\"primaryImageOfPage\":{\"@id\":\"https:\/\/pfandfinder-stalbert.de\/index.php\/jungpfadfinder\/#primaryimage\"},\"image\":{\"@id\":\"https:\/\/pfandfinder-stalbert.de\/index.php\/jungpfadfinder\/#primaryimage\"},\"thumbnailUrl\":\"https:\/\/pfandfinder-stalbert.de\/wp-content\/uploads\/2025\/09\/jungpfadfinder_kobold_logo_2018_td-1024x873.png\",\"datePublished\":\"2021-01-12T04:11:39+00:00\",\"dateModified\":\"2025-11-08T12:37:27+00:00\",\"breadcrumb\":{\"@id\":\"https:\/\/pfandfinder-stalbert.de\/index.php\/jungpfadfinder\/#breadcrumb\"},\"inLanguage\":\"de\",\"potentialAction\":[{\"@type\":\"ReadAction\",\"target\":[\"https:\/\/pfandfinder-stalbert.de\/index.php\/jungpfadfinder\/\"]}]},{\"@type\":\"ImageObject\",\"inLanguage\":\"de\",\"@id\":\"https:\/\/pfandfinder-stalbert.de\/index.php\/jungpfadfinder\/#primaryimage\",\"url\":\"https:\/\/pfandfinder-stalbert.de\/wp-content\/uploads\/2025\/09\/jungpfadfinder_kobold_logo_2018_td.png\",\"contentUrl\":\"https:\/\/pfandfinder-stalbert.de\/wp-content\/uploads\/2025\/09\/jungpfadfinder_kobold_logo_2018_td.png\",\"width\":1924,\"height\":1641},{\"@type\":\"BreadcrumbList\",\"@id\":\"https:\/\/pfandfinder-stalbert.de\/index.php\/jungpfadfinder\/#breadcrumb\",\"itemListElement\":[{\"@type\":\"ListItem\",\"position\":1,\"name\":\"Startseite\",\"item\":\"https:\/\/pfandfinder-stalbert.de\/\"},{\"@type\":\"ListItem\",\"position\":2,\"name\":\"Jungpfadfinder\"}]},{\"@type\":\"WebSite\",\"@id\":\"https:\/\/pfandfinder-stalbert.de\/#website\",\"url\":\"https:\/\/pfandfinder-stalbert.de\/\",\"name\":\"DPSG Stamm St. Albert\",\"description\":\"Pfadfinden am Seepark!\",\"publisher\":{\"@id\":\"https:\/\/pfandfinder-stalbert.de\/#organization\"},\"potentialAction\":[{\"@type\":\"SearchAction\",\"target\":{\"@type\":\"EntryPoint\",\"urlTemplate\":\"https:\/\/pfandfinder-stalbert.de\/?s={search_term_string}\"},\"query-input\":{\"@type\":\"PropertyValueSpecification\",\"valueRequired\":true,\"valueName\":\"search_term_string\"}}],\"inLanguage\":\"de\"},{\"@type\":\"Organization\",\"@id\":\"https:\/\/pfandfinder-stalbert.de\/#organization\",\"name\":\"DPSG Stamm St. Albert\",\"url\":\"https:\/\/pfandfinder-stalbert.de\/\",\"logo\":{\"@type\":\"ImageObject\",\"inLanguage\":\"de\",\"@id\":\"https:\/\/pfandfinder-stalbert.de\/#\/schema\/logo\/image\/\",\"url\":\"https:\/\/pfandfinder-stalbert.de\/wp-content\/uploads\/2021\/01\/lily_blue.png\",\"contentUrl\":\"https:\/\/pfandfinder-stalbert.de\/wp-content\/uploads\/2021\/01\/lily_blue.png\",\"width\":512,\"height\":512,\"caption\":\"DPSG Stamm St. Albert\"},\"image\":{\"@id\":\"https:\/\/pfandfinder-stalbert.de\/#\/schema\/logo\/image\/\"},\"sameAs\":[\"http:\/\/facebook.com\/pfadfinderstalbert\"]}]}<\/script>\n<!-- \/ Yoast SEO plugin. -->","yoast_head_json":{"title":"Jungpfadfinder - DPSG Stamm St. Albert","robots":{"index":"index","follow":"follow","max-snippet":"max-snippet:-1","max-image-preview":"max-image-preview:large","max-video-preview":"max-video-preview:-1"},"canonical":"https:\/\/pfandfinder-stalbert.de\/index.php\/jungpfadfinder\/","og_locale":"de_DE","og_type":"article","og_title":"Jungpfadfinder - DPSG Stamm St. Albert","og_description":"Bei uns in der Jungpfadfinderstufe (Juffis) ist immer was los! Wir erleben mit unserem Maskottchen dem Kobold Abenteuer! Dabei erleben wir&nbsp;St\u00fcck f\u00fcr St\u00fcck&nbsp;die Welt, finden neue Freunde und lernen uns selbst kennen! Das Programm der Gruppenstunden wird von den Jungpfadfinder*innen mitbestimmt. Von gemeinsamen Bau- und Bastelprojekten \u00fcber Film drehen bis hin zu Hajks mit \u00dcbernachtung [&hellip;]","og_url":"https:\/\/pfandfinder-stalbert.de\/index.php\/jungpfadfinder\/","og_site_name":"DPSG Stamm St. Albert","article_publisher":"http:\/\/facebook.com\/pfadfinderstalbert","article_modified_time":"2025-11-08T12:37:27+00:00","og_image":[{"url":"https:\/\/pfandfinder-stalbert.de\/wp-content\/uploads\/2025\/09\/jungpfadfinder_kobold_logo_2018_td-1024x873.png","type":"","width":"","height":""}],"twitter_card":"summary_large_image","twitter_misc":{"Gesch\u00e4tzte Lesezeit":"1\u00a0Minute"},"schema":{"@context":"https:\/\/schema.org","@graph":[{"@type":"WebPage","@id":"https:\/\/pfandfinder-stalbert.de\/index.php\/jungpfadfinder\/","url":"https:\/\/pfandfinder-stalbert.de\/index.php\/jungpfadfinder\/","name":"Jungpfadfinder - DPSG Stamm St. Albert","isPartOf":{"@id":"https:\/\/pfandfinder-stalbert.de\/#website"},"primaryImageOfPage":{"@id":"https:\/\/pfandfinder-stalbert.de\/index.php\/jungpfadfinder\/#primaryimage"},"image":{"@id":"https:\/\/pfandfinder-stalbert.de\/index.php\/jungpfadfinder\/#primaryimage"},"thumbnailUrl":"https:\/\/pfandfinder-stalbert.de\/wp-content\/uploads\/2025\/09\/jungpfadfinder_kobold_logo_2018_td-1024x873.png","datePublished":"2021-01-12T04:11:39+00:00","dateModified":"2025-11-08T12:37:27+00:00","breadcrumb":{"@id":"https:\/\/pfandfinder-stalbert.de\/index.php\/jungpfadfinder\/#breadcrumb"},"inLanguage":"de","potentialAction":[{"@type":"ReadAction","target":["https:\/\/pfandfinder-stalbert.de\/index.php\/jungpfadfinder\/"]}]},{"@type":"ImageObject","inLanguage":"de","@id":"https:\/\/pfandfinder-stalbert.de\/index.php\/jungpfadfinder\/#primaryimage","url":"https:\/\/pfandfinder-stalbert.de\/wp-content\/uploads\/2025\/09\/jungpfadfinder_kobold_logo_2018_td.png","contentUrl":"https:\/\/pfandfinder-stalbert.de\/wp-content\/uploads\/2025\/09\/jungpfadfinder_kobold_logo_2018_td.png","width":1924,"height":1641},{"@type":"BreadcrumbList","@id":"https:\/\/pfandfinder-stalbert.de\/index.php\/jungpfadfinder\/#breadcrumb","itemListElement":[{"@type":"ListItem","position":1,"name":"Startseite","item":"https:\/\/pfandfinder-stalbert.de\/"},{"@type":"ListItem","position":2,"name":"Jungpfadfinder"}]},{"@type":"WebSite","@id":"https:\/\/pfandfinder-stalbert.de\/#website","url":"https:\/\/pfandfinder-stalbert.de\/","name":"DPSG Stamm St. Albert","description":"Pfadfinden am Seepark!","publisher":{"@id":"https:\/\/pfandfinder-stalbert.de\/#organization"},"potentialAction":[{"@type":"SearchAction","target":{"@type":"EntryPoint","urlTemplate":"https:\/\/pfandfinder-stalbert.de\/?s={search_term_string}"},"query-input":{"@type":"PropertyValueSpecification","valueRequired":true,"valueName":"search_term_string"}}],"inLanguage":"de"},{"@type":"Organization","@id":"https:\/\/pfandfinder-stalbert.de\/#organization","name":"DPSG Stamm St. Albert","url":"https:\/\/pfandfinder-stalbert.de\/","logo":{"@type":"ImageObject","inLanguage":"de","@id":"https:\/\/pfandfinder-stalbert.de\/#\/schema\/logo\/image\/","url":"https:\/\/pfandfinder-stalbert.de\/wp-content\/uploads\/2021\/01\/lily_blue.png","contentUrl":"https:\/\/pfandfinder-stalbert.de\/wp-content\/uploads\/2021\/01\/lily_blue.png","width":512,"height":512,"caption":"DPSG Stamm St. Albert"},"image":{"@id":"https:\/\/pfandfinder-stalbert.de\/#\/schema\/logo\/image\/"},"sameAs":["http:\/\/facebook.com\/pfadfinderstalbert"]}]}},"_links":{"self":[{"href":"https:\/\/pfandfinder-stalbert.de\/index.php\/wp-json\/wp\/v2\/pages\/283","targetHints":{"allow":["GET"]}}],"collection":[{"href":"https:\/\/pfandfinder-stalbert.de\/index.php\/wp-json\/wp\/v2\/pages"}],"about":[{"href":"https:\/\/pfandfinder-stalbert.de\/index.php\/wp-json\/wp\/v2\/types\/page"}],"author":[{"embeddable":true,"href":"https:\/\/pfandfinder-stalbert.de\/index.php\/wp-json\/wp\/v2\/users\/1"}],"replies":[{"embeddable":true,"href":"https:\/\/pfandfinder-stalbert.de\/index.php\/wp-json\/wp\/v2\/comments?post=283"}],"version-history":[{"count":0,"href":"https:\/\/pfandfinder-stalbert.de\/index.php\/wp-json\/wp\/v2\/pages\/283\/revisions"}],"wp:attachment":[{"href":"https:\/\/pfandfinder-stalbert.de\/index.php\/wp-json\/wp\/v2\/media?parent=283"}],"curies":[{"name":"wp","href":"https:\/\/api.w.org\/{rel}","templated":true}]}}