{"id":299,"date":"2021-01-12T05:25:46","date_gmt":"2021-01-12T04:25:46","guid":{"rendered":"https:\/\/pfandfinder-stalbert.de\/?page_id=299"},"modified":"2024-07-16T18:42:32","modified_gmt":"2024-07-16T16:42:32","slug":"ueber-uns","status":"publish","type":"page","link":"https:\/\/pfandfinder-stalbert.de\/index.php\/ueber-uns\/","title":{"rendered":"\u00dcber uns"},"content":{"rendered":"<h2>Wer oder was sind eigentlich Pfadfinder?<\/h2>\n<p>Jeder hat schon mal davon geh\u00f6rt, aber keiner wei\u00df so genau, was das eigentlich ist: ein Pfadfinder. Man munkelt, sie umarmen B\u00e4ume und sind immer nur drau\u00dfen unterwegs.<br \/>\nDie Pfadfinderei ist eine weltweite Jugendbewegung und in fast allen L\u00e4ndern vertreten. Ihr Gr\u00fcnder war Robert Baden-Powell, ein britischer Milit\u00e4roffizier. Er hatte die Vision, die P\u00e4dagogik seiner Zeit (Anfang des 20. Jahrhunderts) zu revolutionieren, weg vom Autorit\u00e4ren, hin zum Liberalen. Er wollte Kinder zu kreativen, freien und selbstst\u00e4ndig denkenden K\u00f6pfen erziehen. Die Bewegung setzt sich au\u00dferdem f\u00fcr Frieden und Gemeinschaft ein, die \u00fcber Schicht- und L\u00e4ndergrenzen hinweg gehen.<\/p>\n<p>Sch\u00f6n und gut, aber stimmt es jetzt, dass Pfadfinder Regenw\u00fcrmer essen und Kekse verkaufen? Was machen Pfadfinder gemeinsam?<br \/>\nDas ist das Sch\u00f6ne und Einzigartige an unserer Organisation: Wir treffen uns nicht f\u00fcr eine spezifische Aktivit\u00e4t, unsere Aktionen sind nicht eingeschr\u00e4nkt. Wir sind naturverbunden, gehen zum Beispiel gemeinsam zelten oder wandern. Doch wir entscheiden gemeinsam \u2013 Kinder, Jugendliche und junge Erwachsene \u2013 wie unsere Aktionen aussehen. Die Hauptsache ist, voneinander und miteinander zu lernen und Abenteuer zu erleben. Also ja, es kann vorkommen dass wir Kekse verkaufen und es gibt bestimmt den ein oder anderen Verr\u00fcckten unter uns, der auch Regenw\u00fcrmer isst! Und alten Omas helfen wir liebend gern \u00fcber die Stra\u00dfe \ud83d\ude09<\/p>\n<h2>Gemeinsam unterwegs<\/h2>\n<p>In der Deutschen Pfadfinderschaft Sankt Georg erleben wir\u00a0gemeinsam Abenteuer und lernen, f\u00fcr uns\u00a0und f\u00fcr andere in der Gruppe Verantwortung zu \u00fcbernehmen. Das p\u00e4dagogische Prinzip des Pfadfindens ist dabei erstaunlich einfach: Kinder und Jugendliche erziehen sich mit Unterst\u00fctzung von Leiterinnen und Leitern selbst. Jede und jeder bringt seine F\u00e4higkeiten in die Gruppe ein. Die Kinder und Jugendlichen treffen sich in ihren Altersstufen in w\u00f6chentlichen Gruppenstunden. Hier planen sie gemeinsam ihre Aktionen und Projekte. Unterst\u00fctzt und begleitet werden sie dabei altersgerecht von ihren Leiterinnen und Leitern. H\u00f6hepunkte des Jahres sind dabei die kleinen und gro\u00dfen Fahrten und Freizeiten, wie zum Beispiel in Zelt- oder Sommerlagern.<\/p>\n<blockquote><p>\u00bbVerlasst die Welt ein wenig besser, als ihr sie vorgefunden habt.\u00ab \u2013\u00a0Robert Baden-Powell, Gr\u00fcnder der Pfadfinderbewegung<\/p><\/blockquote>\n<h2>Die Altersstufen<\/h2>\n<p>Die Gruppen sind nach Alter aufgeteilt; das macht die Selbsterziehung einfacher und fordert jede und jeden. Innerhalb der gro\u00dfen Gruppe einer Altersstufe bilden sich Kleingruppen, um jedem die M\u00f6glichkeit zu geben, sich einzubringen. Die W\u00f6lflinge (6\u2009-\u20099 Jahre) entdecken vor allem ihr allt\u00e4gliches Umfeld und versuchen, es nach ihren W\u00fcnschen zu gestalten. Jungpfadfinderinnen und Jungpfadfinder (9 -\u200912 Jahre) suchen und erleben Abenteuer. In ihrem Alter entdecken sie sich selbst, nehmen sich immer st\u00e4rker als M\u00e4dchen und Jungen wahr. \u00bbWagt es\u00ab ist das Leitbild der Pfadfinderinnen und Pfadfinder (12\u2009-\u200915 Jahre). Sie brechen aus ihrem Alltag aus, stecken sich Ziele und versuchen, sie zu erreichen. Roverinnen und Rover (ab 15 Jahren) treffen Entscheidungen f\u00fcr ihre Zukunft. Sie packen an und entdecken die Welt mit ihren Menschen und Kulturen. Vollj\u00e4hrige Mitglieder k\u00f6nnen sich als Leiterinnen und Leiter engagieren. Sie leiten und begleiten in Teams die Gruppen. Methoden und Grundlagen dazu lernen sie in der verbandseigenen Ausbildung.<\/p>\n<blockquote><p>\u00bbOhne Abenteuer w\u00e4re das Leben t\u00f6dlich langweilig.\u00ab \u2013\u00a0Robert Baden-Powell, Gr\u00fcnder der Pfadfinderbewegung<\/p><\/blockquote>\n<h2>Typisch Pfadfinden<\/h2>\n<p>Gerechtigkeit ist uns Pfadfinderinnen und Pfadfindern in der DPSG ein wichtiges Anliegen. Wir\u00a0engagieren uns gegen Armut in Deutschland und in der Welt und setzen uns f\u00fcr echte Gleichberechtigung ein. Wir lernen Kinder und Jugendliche aus aller Welt kennen und kn\u00fcpfen internationale Kontakte. Menschen mit Behinderung sind als Pfadfinderinnen und Pfadfinder aktiv. Das Miteinander von Menschen mit und ohne Behinderungen ist f\u00fcr uns selbstverst\u00e4ndlich. Durch einfaches Leben versuchen wir, Ressourcen zu schonen und die Umwelt zu sch\u00fctzen.<\/p>\n<h2>Engagiert f\u00fcr den Frieden<\/h2>\n<p>Gewaltfreies Zusammenleben ist nicht immer leicht, aber ein Ziel des Pfadfindens. Im Kleinen und Gro\u00dfen setzen wir\u00a0Pfadfinderinnen und Pfadfinder uns f\u00fcr den Frieden weltweit ein. Mit dem Friedenslicht aus Bethlehem setzen wir\u00a0gemeinsam mit Pfadfinderinnen und Pfadfindern aller Welt jedes Jahr an Weihnachten ein Zeichen f\u00fcr den Frieden in der Welt.<\/p>\n<h2>Pfadfinder im Allgemeinen<\/h2>\n<p>Es begann im Juli 1907 in England mit einem Zeltlager auf Brownsea Island: Baden-Powell, kurz B.P., sammelte eine Gruppe von etwa 20 Jungen der oberen und mittleren Gesellschaftsschichten, teilte sie in F\u00fcnfergruppen ein und \u00fcbertrug jedem bestimmte Aufgaben, die besonders vom Leben in freier Natur gepr\u00e4gt waren. Die Jungen sollten durch das Prinzip \u201eLearning by doing\u201c sowohl ihre pers\u00f6nlichen wie praktischen Fertigkeiten trainieren. Nach den Erfahrungen auf Brownsea Island wollte B.P. allen jungen Menschen erm\u00f6glichen, sich zu verantwortungsbewussten B\u00fcrgern zu entwickeln, die sich f\u00fcr die Gesellschaft einsetzen und die offen sind f\u00fcr ihre Mitmenschen, unabh\u00e4ngig ihrer Herkunft oder m\u00f6glicher Unterschiede. Die Pfadfinderidee war geboren. Schnell wuchs diese Idee zu einer internationalen Jugendbewegung. Heute gibt es in fast allen L\u00e4ndern auf der Welt Pfadfinderinnen und Pfadfinder, die die Idee von B.P. weiterleben. 1909 entstand die Bewegung der Pfadfinderinnen, denn auch M\u00e4dchen begannen sich schnell f\u00fcr die Pfadfinderei zu interessieren, und wollten, sicher auch durch die aufkommende Frauenbewegung stark beeinflusst, in diese Gemeinschaft aufgenommen werden. 1920 fand das erste Weltpfadfindertreffen (Jamboree) statt. Rund 8000 Pfadfinder aus den verschiedensten L\u00e4ndern, auch aus ehemals verfeindeten L\u00e4ndern des 1. Weltkriegs kamen in England zusammen. Heute noch treffen sich alle vier Jahre Pfadfinderinnen und Pfadfinder aus der ganzen Welt, um gemeinsam den internationalen Charakter der Pfadfinderbewegung zu leben. Da auch immer mehr j\u00fcngere Kinder in die Pfadfinderei strebten, entwickelte B.P. eine eigene altersgem\u00e4\u00dfe Spielidee f\u00fcr Kinder ab ca. 7 Jahren. Vorlage hierf\u00fcr waren die Mowgli-Geschichten aus dem Dschungelbuch von Rudyard Kipling, einem englischen Schriftsteller und Freund von B.P..<\/p>\n<p>In Deutschland wurde die DPSG, die deutsche Pfadfinderschaft St. Georg, als Pfadfinderverband im Jahr 1951 in Altenberg bei K\u00f6ln gegr\u00fcndet. Die Anf\u00e4nge unseres Stammes liegen in der Gr\u00fcndung einer Siedlung im Jahr 1992\u00a0und der Stammesgr\u00fcndung im Jahr 1998. Seit dieser Zeit wurden viele Sommerlager und andere Aktionen durchgef\u00fchrt und manche Pfadis von fr\u00fcher sind heute als Eltern im Stamm aktiv. Heute schreiben wir diese Geschichte, die mit B.P. begonnen hat aktiv in Freiburg weiter und machen uns als Pfadfinderinnen und Pfadfinder in seinen Spuren auf den Weg! Verbunden mit den deutschen Pfadfindern, aber auch in der Freundschaft mit Pfadis der ganzen Welt.<\/p>\n","protected":false},"excerpt":{"rendered":"<p class=\"excerpt\">Wer oder was sind eigentlich Pfadfinder? Jeder hat schon mal davon geh\u00f6rt, aber keiner wei\u00df so genau, was das eigentlich ist: ein Pfadfinder. Man munkelt, sie umarmen B\u00e4ume und sind immer nur drau\u00dfen unterwegs. Die Pfadfinderei ist eine weltweite Jugendbewegung und in fast allen L\u00e4ndern vertreten. Ihr Gr\u00fcnder war Robert Baden-Powell, ein britischer Milit\u00e4roffizier. Er [&hellip;]<\/p>\n","protected":false},"author":1,"featured_media":0,"parent":0,"menu_order":0,"comment_status":"closed","ping_status":"closed","template":"","meta":{"footnotes":""},"class_list":["post-299","page","type-page","status-publish","hentry"],"yoast_head":"<!-- This site is optimized with the Yoast SEO plugin v27.1.1 - https:\/\/yoast.com\/product\/yoast-seo-wordpress\/ -->\n<title>\u00dcber uns - DPSG Stamm St. Albert<\/title>\n<meta name=\"robots\" content=\"index, follow, max-snippet:-1, max-image-preview:large, max-video-preview:-1\" \/>\n<link rel=\"canonical\" href=\"https:\/\/pfandfinder-stalbert.de\/index.php\/ueber-uns\/\" \/>\n<meta property=\"og:locale\" content=\"de_DE\" \/>\n<meta property=\"og:type\" content=\"article\" \/>\n<meta property=\"og:title\" content=\"\u00dcber uns - DPSG Stamm St. Albert\" \/>\n<meta property=\"og:description\" content=\"Wer oder was sind eigentlich Pfadfinder? Jeder hat schon mal davon geh\u00f6rt, aber keiner wei\u00df so genau, was das eigentlich ist: ein Pfadfinder. Man munkelt, sie umarmen B\u00e4ume und sind immer nur drau\u00dfen unterwegs. Die Pfadfinderei ist eine weltweite Jugendbewegung und in fast allen L\u00e4ndern vertreten. Ihr Gr\u00fcnder war Robert Baden-Powell, ein britischer Milit\u00e4roffizier. Er [&hellip;]\" \/>\n<meta property=\"og:url\" content=\"https:\/\/pfandfinder-stalbert.de\/index.php\/ueber-uns\/\" \/>\n<meta property=\"og:site_name\" content=\"DPSG Stamm St. Albert\" \/>\n<meta property=\"article:publisher\" content=\"http:\/\/facebook.com\/pfadfinderstalbert\" \/>\n<meta property=\"article:modified_time\" content=\"2024-07-16T16:42:32+00:00\" \/>\n<meta name=\"twitter:card\" content=\"summary_large_image\" \/>\n<meta name=\"twitter:label1\" content=\"Gesch\u00e4tzte Lesezeit\" \/>\n\t<meta name=\"twitter:data1\" content=\"6\u00a0Minuten\" \/>\n<script type=\"application\/ld+json\" class=\"yoast-schema-graph\">{\"@context\":\"https:\/\/schema.org\",\"@graph\":[{\"@type\":\"WebPage\",\"@id\":\"https:\/\/pfandfinder-stalbert.de\/index.php\/ueber-uns\/\",\"url\":\"https:\/\/pfandfinder-stalbert.de\/index.php\/ueber-uns\/\",\"name\":\"\u00dcber uns - DPSG Stamm St. Albert\",\"isPartOf\":{\"@id\":\"https:\/\/pfandfinder-stalbert.de\/#website\"},\"datePublished\":\"2021-01-12T04:25:46+00:00\",\"dateModified\":\"2024-07-16T16:42:32+00:00\",\"breadcrumb\":{\"@id\":\"https:\/\/pfandfinder-stalbert.de\/index.php\/ueber-uns\/#breadcrumb\"},\"inLanguage\":\"de\",\"potentialAction\":[{\"@type\":\"ReadAction\",\"target\":[\"https:\/\/pfandfinder-stalbert.de\/index.php\/ueber-uns\/\"]}]},{\"@type\":\"BreadcrumbList\",\"@id\":\"https:\/\/pfandfinder-stalbert.de\/index.php\/ueber-uns\/#breadcrumb\",\"itemListElement\":[{\"@type\":\"ListItem\",\"position\":1,\"name\":\"Startseite\",\"item\":\"https:\/\/pfandfinder-stalbert.de\/\"},{\"@type\":\"ListItem\",\"position\":2,\"name\":\"\u00dcber uns\"}]},{\"@type\":\"WebSite\",\"@id\":\"https:\/\/pfandfinder-stalbert.de\/#website\",\"url\":\"https:\/\/pfandfinder-stalbert.de\/\",\"name\":\"DPSG Stamm St. Albert\",\"description\":\"Pfadfinden am Seepark!\",\"publisher\":{\"@id\":\"https:\/\/pfandfinder-stalbert.de\/#organization\"},\"potentialAction\":[{\"@type\":\"SearchAction\",\"target\":{\"@type\":\"EntryPoint\",\"urlTemplate\":\"https:\/\/pfandfinder-stalbert.de\/?s={search_term_string}\"},\"query-input\":{\"@type\":\"PropertyValueSpecification\",\"valueRequired\":true,\"valueName\":\"search_term_string\"}}],\"inLanguage\":\"de\"},{\"@type\":\"Organization\",\"@id\":\"https:\/\/pfandfinder-stalbert.de\/#organization\",\"name\":\"DPSG Stamm St. Albert\",\"url\":\"https:\/\/pfandfinder-stalbert.de\/\",\"logo\":{\"@type\":\"ImageObject\",\"inLanguage\":\"de\",\"@id\":\"https:\/\/pfandfinder-stalbert.de\/#\/schema\/logo\/image\/\",\"url\":\"https:\/\/pfandfinder-stalbert.de\/wp-content\/uploads\/2021\/01\/lily_blue.png\",\"contentUrl\":\"https:\/\/pfandfinder-stalbert.de\/wp-content\/uploads\/2021\/01\/lily_blue.png\",\"width\":512,\"height\":512,\"caption\":\"DPSG Stamm St. Albert\"},\"image\":{\"@id\":\"https:\/\/pfandfinder-stalbert.de\/#\/schema\/logo\/image\/\"},\"sameAs\":[\"http:\/\/facebook.com\/pfadfinderstalbert\"]}]}<\/script>\n<!-- \/ Yoast SEO plugin. -->","yoast_head_json":{"title":"\u00dcber uns - DPSG Stamm St. Albert","robots":{"index":"index","follow":"follow","max-snippet":"max-snippet:-1","max-image-preview":"max-image-preview:large","max-video-preview":"max-video-preview:-1"},"canonical":"https:\/\/pfandfinder-stalbert.de\/index.php\/ueber-uns\/","og_locale":"de_DE","og_type":"article","og_title":"\u00dcber uns - DPSG Stamm St. Albert","og_description":"Wer oder was sind eigentlich Pfadfinder? Jeder hat schon mal davon geh\u00f6rt, aber keiner wei\u00df so genau, was das eigentlich ist: ein Pfadfinder. Man munkelt, sie umarmen B\u00e4ume und sind immer nur drau\u00dfen unterwegs. Die Pfadfinderei ist eine weltweite Jugendbewegung und in fast allen L\u00e4ndern vertreten. Ihr Gr\u00fcnder war Robert Baden-Powell, ein britischer Milit\u00e4roffizier. Er [&hellip;]","og_url":"https:\/\/pfandfinder-stalbert.de\/index.php\/ueber-uns\/","og_site_name":"DPSG Stamm St. Albert","article_publisher":"http:\/\/facebook.com\/pfadfinderstalbert","article_modified_time":"2024-07-16T16:42:32+00:00","twitter_card":"summary_large_image","twitter_misc":{"Gesch\u00e4tzte Lesezeit":"6\u00a0Minuten"},"schema":{"@context":"https:\/\/schema.org","@graph":[{"@type":"WebPage","@id":"https:\/\/pfandfinder-stalbert.de\/index.php\/ueber-uns\/","url":"https:\/\/pfandfinder-stalbert.de\/index.php\/ueber-uns\/","name":"\u00dcber uns - DPSG Stamm St. Albert","isPartOf":{"@id":"https:\/\/pfandfinder-stalbert.de\/#website"},"datePublished":"2021-01-12T04:25:46+00:00","dateModified":"2024-07-16T16:42:32+00:00","breadcrumb":{"@id":"https:\/\/pfandfinder-stalbert.de\/index.php\/ueber-uns\/#breadcrumb"},"inLanguage":"de","potentialAction":[{"@type":"ReadAction","target":["https:\/\/pfandfinder-stalbert.de\/index.php\/ueber-uns\/"]}]},{"@type":"BreadcrumbList","@id":"https:\/\/pfandfinder-stalbert.de\/index.php\/ueber-uns\/#breadcrumb","itemListElement":[{"@type":"ListItem","position":1,"name":"Startseite","item":"https:\/\/pfandfinder-stalbert.de\/"},{"@type":"ListItem","position":2,"name":"\u00dcber uns"}]},{"@type":"WebSite","@id":"https:\/\/pfandfinder-stalbert.de\/#website","url":"https:\/\/pfandfinder-stalbert.de\/","name":"DPSG Stamm St. Albert","description":"Pfadfinden am Seepark!","publisher":{"@id":"https:\/\/pfandfinder-stalbert.de\/#organization"},"potentialAction":[{"@type":"SearchAction","target":{"@type":"EntryPoint","urlTemplate":"https:\/\/pfandfinder-stalbert.de\/?s={search_term_string}"},"query-input":{"@type":"PropertyValueSpecification","valueRequired":true,"valueName":"search_term_string"}}],"inLanguage":"de"},{"@type":"Organization","@id":"https:\/\/pfandfinder-stalbert.de\/#organization","name":"DPSG Stamm St. Albert","url":"https:\/\/pfandfinder-stalbert.de\/","logo":{"@type":"ImageObject","inLanguage":"de","@id":"https:\/\/pfandfinder-stalbert.de\/#\/schema\/logo\/image\/","url":"https:\/\/pfandfinder-stalbert.de\/wp-content\/uploads\/2021\/01\/lily_blue.png","contentUrl":"https:\/\/pfandfinder-stalbert.de\/wp-content\/uploads\/2021\/01\/lily_blue.png","width":512,"height":512,"caption":"DPSG Stamm St. Albert"},"image":{"@id":"https:\/\/pfandfinder-stalbert.de\/#\/schema\/logo\/image\/"},"sameAs":["http:\/\/facebook.com\/pfadfinderstalbert"]}]}},"_links":{"self":[{"href":"https:\/\/pfandfinder-stalbert.de\/index.php\/wp-json\/wp\/v2\/pages\/299","targetHints":{"allow":["GET"]}}],"collection":[{"href":"https:\/\/pfandfinder-stalbert.de\/index.php\/wp-json\/wp\/v2\/pages"}],"about":[{"href":"https:\/\/pfandfinder-stalbert.de\/index.php\/wp-json\/wp\/v2\/types\/page"}],"author":[{"embeddable":true,"href":"https:\/\/pfandfinder-stalbert.de\/index.php\/wp-json\/wp\/v2\/users\/1"}],"replies":[{"embeddable":true,"href":"https:\/\/pfandfinder-stalbert.de\/index.php\/wp-json\/wp\/v2\/comments?post=299"}],"version-history":[{"count":0,"href":"https:\/\/pfandfinder-stalbert.de\/index.php\/wp-json\/wp\/v2\/pages\/299\/revisions"}],"wp:attachment":[{"href":"https:\/\/pfandfinder-stalbert.de\/index.php\/wp-json\/wp\/v2\/media?parent=299"}],"curies":[{"name":"wp","href":"https:\/\/api.w.org\/{rel}","templated":true}]}}